{"id":33,"date":"2025-01-27T17:43:51","date_gmt":"2025-01-27T17:43:51","guid":{"rendered":"https:\/\/www.firetec.eng.br\/site\/home-2\/"},"modified":"2025-02-18T05:12:21","modified_gmt":"2025-02-18T05:12:21","slug":"home-2","status":"publish","type":"page","link":"https:\/\/www.firetec.eng.br\/site\/","title":{"rendered":"."},"content":{"rendered":"\r\n\r\n\r\n\r\n\r\n\r\n\r\n\r\n\r\n\r\n\r\n\r\n\r\n<div class=\"xdj266r x11i5rnm xat24cr x1mh8g0r x1vvkbs x126k92a\">\r\n<h4 dir=\"auto\"><img loading=\"lazy\" decoding=\"async\" class=\"aligncenter wp-image-377 size-full\" src=\"https:\/\/www.firetec.eng.br\/site\/wp-content\/uploads\/2025\/02\/B_anime2.gif\" alt=\"\" width=\"1408\" height=\"621\" \/><\/h4>\r\n<table style=\"border-collapse: collapse; width: 100%; height: 92px;\">\r\n<tbody>\r\n<tr style=\"height: 92px;\">\r\n<td style=\"width: 26.9865%; height: 92px;\">\r\n<p style=\"text-align: left;\"><strong><span style=\"font-family: georgia, palatino, serif;\"><span style=\"font-size: 10pt;\"><img loading=\"lazy\" decoding=\"async\" class=\"wp-image-398 aligncenter\" src=\"https:\/\/www.firetec.eng.br\/site\/wp-content\/uploads\/2025\/02\/depositphotos_469371318-stock-illustration-address-gps-location-icon-outline-300x300.webp\" alt=\"\" width=\"38\" height=\"38\" srcset=\"https:\/\/www.firetec.eng.br\/site\/wp-content\/uploads\/2025\/02\/depositphotos_469371318-stock-illustration-address-gps-location-icon-outline-300x300.webp 300w, https:\/\/www.firetec.eng.br\/site\/wp-content\/uploads\/2025\/02\/depositphotos_469371318-stock-illustration-address-gps-location-icon-outline-150x150.webp 150w, https:\/\/www.firetec.eng.br\/site\/wp-content\/uploads\/2025\/02\/depositphotos_469371318-stock-illustration-address-gps-location-icon-outline-465x465.webp 465w, https:\/\/www.firetec.eng.br\/site\/wp-content\/uploads\/2025\/02\/depositphotos_469371318-stock-illustration-address-gps-location-icon-outline-500x500.webp 500w, https:\/\/www.firetec.eng.br\/site\/wp-content\/uploads\/2025\/02\/depositphotos_469371318-stock-illustration-address-gps-location-icon-outline.webp 600w\" sizes=\"auto, (max-width: 38px) 100vw, 38px\" \/><\/span><\/span><\/strong><\/p>\r\n<p style=\"text-align: center;\"><span style=\"font-size: 12pt;\"><strong><span style=\"font-family: georgia, palatino, serif;\">Endere\u00e7o<\/span><\/strong><\/span><\/p>\r\n<p style=\"text-align: center;\"><span style=\"font-family: georgia, palatino, serif;\"><em><span style=\"font-size: 10pt;\">Rua Macei\u00f3, 1427, Bairo Vila Belmiro \u2013 Pirassununga \u2013 SP<\/span><\/em><\/span><\/p>\r\n<\/td>\r\n<td style=\"width: 39.8107%;\">\r\n<h4 class=\"font-museo700\" style=\"text-align: center;\"><span style=\"font-size: 10pt;\"><strong><img loading=\"lazy\" decoding=\"async\" class=\"wp-image-388 aligncenter\" src=\"https:\/\/www.firetec.eng.br\/site\/wp-content\/uploads\/2025\/02\/4456949-300x300.png\" sizes=\"auto, (max-width: 34px) 100vw, 34px\" srcset=\"https:\/\/www.firetec.eng.br\/site\/wp-content\/uploads\/2025\/02\/4456949-300x300.png 300w, https:\/\/www.firetec.eng.br\/site\/wp-content\/uploads\/2025\/02\/4456949-150x150.png 150w, https:\/\/www.firetec.eng.br\/site\/wp-content\/uploads\/2025\/02\/4456949-465x465.png 465w, https:\/\/www.firetec.eng.br\/site\/wp-content\/uploads\/2025\/02\/4456949-500x500.png 500w, https:\/\/www.firetec.eng.br\/site\/wp-content\/uploads\/2025\/02\/4456949.png 512w\" alt=\"\" width=\"34\" height=\"34\" \/><\/strong><\/span><\/h4>\r\n<h4 class=\"font-museo700\" style=\"text-align: center;\"><span style=\"font-size: 10pt;\"><strong><span style=\"font-size: 12pt;\">Como Chegar<\/span><\/strong><\/span><\/h4>\r\n<h4 class=\"font-museo700\" style=\"text-align: center;\"><span style=\"font-size: 10pt;\"><a href=\"https:\/\/maps.app.goo.gl\/SF1LA26q6b6iE6so6\"><em>Clique aqui e confira a melhor <\/em><\/a><\/span><span style=\"font-size: 10pt;\"><a href=\"https:\/\/maps.app.goo.gl\/SF1LA26q6b6iE6so6\"><em>maneira de nos encontrar<\/em><\/a><\/span><\/h4>\r\n<\/td>\r\n<td style=\"width: 33.1687%; height: 92px;\">\r\n<p style=\"text-align: center;\"><img loading=\"lazy\" decoding=\"async\" class=\"alignnone  wp-image-413\" src=\"https:\/\/www.firetec.eng.br\/site\/wp-content\/uploads\/2025\/02\/images-1.png\" alt=\"\" width=\"40\" height=\"40\" srcset=\"https:\/\/www.firetec.eng.br\/site\/wp-content\/uploads\/2025\/02\/images-1.png 225w, https:\/\/www.firetec.eng.br\/site\/wp-content\/uploads\/2025\/02\/images-1-150x150.png 150w\" sizes=\"auto, (max-width: 40px) 100vw, 40px\" \/><\/p>\r\n<p style=\"text-align: center;\"><span style=\"font-size: 12pt;\"><strong>Solicite um or\u00e7amento<\/strong><\/span><\/p>\r\n<div dir=\"auto\" style=\"text-align: center;\"><em>(19) 3565-4410<\/em><\/div>\r\n<div dir=\"auto\" style=\"text-align: center;\"><em>WhatsApp (19) 9 8121-8187<\/em><\/div>\r\n<\/td>\r\n<\/tr>\r\n<\/tbody>\r\n<\/table>\r\n<div class=\"xdj266r x11i5rnm xat24cr x1mh8g0r x1vvkbs x126k92a\">\r\n<h4 dir=\"auto\"><span class=\"html-span xexx8yu x4uap5 x18d9i69 xkhd6sd x1hl2dhg x16tdsg8 x1vvkbs x3nfvp2 x1j61x8r x1fcty0u xdj266r xat24cr xgzva0m xhhsvwb xxymvpz xlup9mm x1kky2od\"><img loading=\"lazy\" decoding=\"async\" class=\"xz74otr animations-hidden animated zoomIn full-visible\" src=\"https:\/\/static.xx.fbcdn.net\/images\/emoji.php\/v9\/t33\/1\/16\/2705.png\" alt=\"\u2705\" width=\"16\" height=\"16\" \/><\/span><span class=\"html-span xexx8yu x4uap5 x18d9i69 xkhd6sd x1hl2dhg x16tdsg8 x1vvkbs x3nfvp2 x1j61x8r x1fcty0u xdj266r xat24cr xgzva0m xhhsvwb xxymvpz xlup9mm x1kky2od\"><img loading=\"lazy\" decoding=\"async\" class=\"xz74otr animations-hidden animated zoomIn full-visible\" src=\"https:\/\/static.xx.fbcdn.net\/images\/emoji.php\/v9\/tb2\/1\/16\/1f9ef.png\" alt=\"\ud83e\uddef\" width=\"16\" height=\"16\" \/><\/span><span style=\"font-size: 12pt; font-family: verdana, geneva, sans-serif;\"><em>Quando se trata de seguran\u00e7a contra inc\u00eandio, \u00e9 importante contar com equipamentos de qualidade para garantir a m\u00e1xima efici\u00eancia das medidas exigidas na legisla\u00e7\u00e3o.<\/em><\/span><\/h4>\r\n<\/div>\r\n<div dir=\"auto\">\u00a0<\/div>\r\n<div dir=\"auto\"><span style=\"font-family: verdana, geneva, sans-serif;\"><strong><em>FireTec valorizando a vida!<\/em><\/strong><\/span><\/div>\r\n<\/div>\r\n<!-- \/wp:pagelayer\/pl_col -->\r\n\r\n<!-- wp:pagelayer\/pl_col {\"widget_space\":0,\"overlay_hover_delay\":400,\"ele_bg_type\":\"color\",\"ele_bg_color\":\"$primary\",\"col_width\":\"43.08\",\"border_radius\":[\"0px\",\"30px\",\"30px\",\"0px\"],\"hide_tablet\":\"true\",\"hide_mobile\":\"true\",\"pagelayer-id\":\"tvx6513\"} -->\r\n\r\n<!-- wp:pagelayer\/pl_image {\"id\":\"21\",\"id-size\":\"full\",\"align\":\"right\",\"img_hover\":\"normal\",\"img_hover_delay\":400,\"caption_color\":\"#0986c0\",\"ele_margin\":[\"-117px\",\"0px\",\"0px\",\"0px\"],\"max-width\":98,\"pagelayer-id\":\"nzv6144\"} \/--><!-- \/wp:pagelayer\/pl_col --><!-- \/wp:pagelayer\/pl_row -->","protected":false},"excerpt":{"rendered":"<p><span class=\"more-link\"><a href=\"https:\/\/www.firetec.eng.br\/site\/\">Leia mais<\/a><\/span><\/p>\n","protected":false},"author":1,"featured_media":0,"parent":0,"menu_order":0,"comment_status":"closed","ping_status":"closed","template":"","meta":{"footnotes":""},"class_list":["entry","author-admin","post-33","page","type-page","status-publish"],"_links":{"self":[{"href":"https:\/\/www.firetec.eng.br\/site\/wp-json\/wp\/v2\/pages\/33","targetHints":{"allow":["GET"]}}],"collection":[{"href":"https:\/\/www.firetec.eng.br\/site\/wp-json\/wp\/v2\/pages"}],"about":[{"href":"https:\/\/www.firetec.eng.br\/site\/wp-json\/wp\/v2\/types\/page"}],"author":[{"embeddable":true,"href":"https:\/\/www.firetec.eng.br\/site\/wp-json\/wp\/v2\/users\/1"}],"replies":[{"embeddable":true,"href":"https:\/\/www.firetec.eng.br\/site\/wp-json\/wp\/v2\/comments?post=33"}],"version-history":[{"count":54,"href":"https:\/\/www.firetec.eng.br\/site\/wp-json\/wp\/v2\/pages\/33\/revisions"}],"predecessor-version":[{"id":432,"href":"https:\/\/www.firetec.eng.br\/site\/wp-json\/wp\/v2\/pages\/33\/revisions\/432"}],"wp:attachment":[{"href":"https:\/\/www.firetec.eng.br\/site\/wp-json\/wp\/v2\/media?parent=33"}],"curies":[{"name":"wp","href":"https:\/\/api.w.org\/{rel}","templated":true}]}}